{"id":11,"date":"2025-07-14T14:15:49","date_gmt":"2025-07-14T14:15:49","guid":{"rendered":"http:\/\/sewingl.cluster100.hosting.ovh.net\/?page_id=11"},"modified":"2025-07-14T14:27:54","modified_gmt":"2025-07-14T14:27:54","slug":"services","status":"publish","type":"page","link":"https:\/\/sewingphil.com\/index.php\/services\/","title":{"rendered":"Services"},"content":{"rendered":"\n<figure class=\"wp-block-image size-full\"><img loading=\"lazy\" decoding=\"async\" width=\"699\" height=\"703\" src=\"http:\/\/sewingl.cluster100.hosting.ovh.net\/wp-content\/uploads\/2025\/07\/SEWINGPHIL-LOGO.png\" alt=\"\" class=\"wp-image-22\" srcset=\"https:\/\/sewingphil.com\/wp-content\/uploads\/2025\/07\/SEWINGPHIL-LOGO.png 699w, https:\/\/sewingphil.com\/wp-content\/uploads\/2025\/07\/SEWINGPHIL-LOGO-298x300.png 298w, https:\/\/sewingphil.com\/wp-content\/uploads\/2025\/07\/SEWINGPHIL-LOGO-150x150.png 150w\" sizes=\"auto, (max-width: 699px) 100vw, 699px\" \/><\/figure>\n\n\n\n<figure class=\"wp-block-table is-style-regular\"><table><tbody><tr><td class=\"has-text-align-center\" data-align=\"center\">Service<\/td><td class=\"has-text-align-center\" data-align=\"center\">Forfait 1<\/td><td class=\"has-text-align-center\" data-align=\"center\">Forfait 2<\/td><td class=\"has-text-align-center\" data-align=\"center\">Forfait 3<\/td><\/tr><tr><td class=\"has-text-align-center\" data-align=\"center\">D\u00e9montage des capots<\/td><td class=\"has-text-align-center\" data-align=\"center\">X<\/td><td class=\"has-text-align-center\" data-align=\"center\">X<\/td><td class=\"has-text-align-center\" data-align=\"center\">X<\/td><\/tr><tr><td class=\"has-text-align-center\" data-align=\"center\">Nettoyage de la machine<\/td><td class=\"has-text-align-center\" data-align=\"center\">X<\/td><td class=\"has-text-align-center\" data-align=\"center\">X<\/td><td class=\"has-text-align-center\" data-align=\"center\">X<\/td><\/tr><tr><td class=\"has-text-align-center\" data-align=\"center\">Limage et polissage de la plaque \u00e0 aiguilles<\/td><td class=\"has-text-align-center\" data-align=\"center\">X<\/td><td class=\"has-text-align-center\" data-align=\"center\">X<\/td><td class=\"has-text-align-center\" data-align=\"center\">X<\/td><\/tr><tr><td class=\"has-text-align-center\" data-align=\"center\">R\u00e9glages \u00e9ventuels<\/td><td class=\"has-text-align-center\" data-align=\"center\">X<\/td><td class=\"has-text-align-center\" data-align=\"center\">X<\/td><td class=\"has-text-align-center\" data-align=\"center\">X<\/td><\/tr><tr><td class=\"has-text-align-center\" data-align=\"center\">Changement de lampe<\/td><td class=\"has-text-align-center\" data-align=\"center\">X<\/td><td class=\"has-text-align-center\" data-align=\"center\">X<\/td><td class=\"has-text-align-center\" data-align=\"center\">X<\/td><\/tr><tr><td class=\"has-text-align-center\" data-align=\"center\">V\u00e9rification de la p\u00e9dale (retrait de condensateur si besoin)<\/td><td class=\"has-text-align-center\" data-align=\"center\">X<\/td><td class=\"has-text-align-center\" data-align=\"center\">X<\/td><td class=\"has-text-align-center\" data-align=\"center\">X<\/td><\/tr><tr><td class=\"has-text-align-center\" data-align=\"center\">Nettoyage du bloc de tension sans d\u00e9montage<\/td><td class=\"has-text-align-center\" data-align=\"center\">X<\/td><td class=\"has-text-align-center\" data-align=\"center\">X<\/td><td class=\"has-text-align-center\" data-align=\"center\">X<\/td><\/tr><tr><td class=\"has-text-align-center\" data-align=\"center\">Remplacement du bo\u00eetier de canette<\/td><td class=\"has-text-align-center\" data-align=\"center\">X<\/td><td class=\"has-text-align-center\" data-align=\"center\">X<\/td><td class=\"has-text-align-center\" data-align=\"center\">X<\/td><\/tr><tr><td class=\"has-text-align-center\" data-align=\"center\">Remplacement de la courroie ext\u00e9rieure sans d\u00e9montage<\/td><td class=\"has-text-align-center\" data-align=\"center\">X<\/td><td class=\"has-text-align-center\" data-align=\"center\">X<\/td><td class=\"has-text-align-center\" data-align=\"center\">X<\/td><\/tr><tr><td class=\"has-text-align-center\" data-align=\"center\">Lubrification de la machine<\/td><td class=\"has-text-align-center\" data-align=\"center\">X<\/td><td class=\"has-text-align-center\" data-align=\"center\">X<\/td><td class=\"has-text-align-center\" data-align=\"center\">X<\/td><\/tr><tr><td class=\"has-text-align-center\" data-align=\"center\">Remontage des capots<\/td><td class=\"has-text-align-center\" data-align=\"center\">X<\/td><td class=\"has-text-align-center\" data-align=\"center\">X<\/td><td class=\"has-text-align-center\" data-align=\"center\">X<\/td><\/tr><tr><td class=\"has-text-align-center\" data-align=\"center\">Test des diff\u00e9rents points<\/td><td class=\"has-text-align-center\" data-align=\"center\">X<\/td><td class=\"has-text-align-center\" data-align=\"center\">X<\/td><td class=\"has-text-align-center\" data-align=\"center\">X<\/td><\/tr><tr><td class=\"has-text-align-center\" data-align=\"center\">Changement de pi\u00e8ce m\u00e9canique<\/td><td class=\"has-text-align-center\" data-align=\"center\"><\/td><td class=\"has-text-align-center\" data-align=\"center\">X<\/td><td class=\"has-text-align-center\" data-align=\"center\">X<\/td><\/tr><tr><td class=\"has-text-align-center\" data-align=\"center\">R\u00e9glage de synchronisation, battue, centrage, \u00e9quilibre avant-arri\u00e8re<\/td><td class=\"has-text-align-center\" data-align=\"center\"><\/td><td class=\"has-text-align-center\" data-align=\"center\">X<\/td><td class=\"has-text-align-center\" data-align=\"center\">X<\/td><\/tr><tr><td class=\"has-text-align-center\" data-align=\"center\">Nettoyage de graisse fig\u00e9e, collante<\/td><td class=\"has-text-align-center\" data-align=\"center\"><\/td><td class=\"has-text-align-center\" data-align=\"center\">X<\/td><td class=\"has-text-align-center\" data-align=\"center\">X<\/td><\/tr><tr><td class=\"has-text-align-center\" data-align=\"center\">D\u00e9grippage de parties m\u00e9caniques bloqu\u00e9es<\/td><td class=\"has-text-align-center\" data-align=\"center\"><\/td><td class=\"has-text-align-center\" data-align=\"center\">X<\/td><td class=\"has-text-align-center\" data-align=\"center\">X<\/td><\/tr><tr><td class=\"has-text-align-center\" data-align=\"center\">Polissage de parties rouill\u00e9es ou ab\u00eem\u00e9es (hors plaque \u00e0 aiguille)<\/td><td class=\"has-text-align-center\" data-align=\"center\"><\/td><td class=\"has-text-align-center\" data-align=\"center\">X<\/td><td class=\"has-text-align-center\" data-align=\"center\">X<\/td><\/tr><tr><td class=\"has-text-align-center\" data-align=\"center\">Nettoyage du bloc de tension avec d\u00e9montage<\/td><td class=\"has-text-align-center\" data-align=\"center\"><\/td><td class=\"has-text-align-center\" data-align=\"center\">X<\/td><td class=\"has-text-align-center\" data-align=\"center\">X<\/td><\/tr><tr><td class=\"has-text-align-center\" data-align=\"center\">Intervention sur moteur \u00e9lectrique, changement de charbons<\/td><td class=\"has-text-align-center\" data-align=\"center\"><\/td><td class=\"has-text-align-center\" data-align=\"center\">X<\/td><td class=\"has-text-align-center\" data-align=\"center\">X<\/td><\/tr><tr><td class=\"has-text-align-center\" data-align=\"center\">Remplacement de courroie int\u00e9rieure avec d\u00e9montage<\/td><td class=\"has-text-align-center\" data-align=\"center\"><\/td><td class=\"has-text-align-center\" data-align=\"center\">X<\/td><td class=\"has-text-align-center\" data-align=\"center\">X<\/td><\/tr><tr><td class=\"has-text-align-center\" data-align=\"center\">Remplacement de carte \u00e9lectronique<\/td><td class=\"has-text-align-center\" data-align=\"center\"><\/td><td class=\"has-text-align-center\" data-align=\"center\"><\/td><td class=\"has-text-align-center\" data-align=\"center\">X<\/td><\/tr><tr><td class=\"has-text-align-center\" data-align=\"center\">Changement de pi\u00e8ce \u00e9lectronique (composant, moteur pas \u00e0 pas)<\/td><td class=\"has-text-align-center\" data-align=\"center\"><\/td><td class=\"has-text-align-center\" data-align=\"center\"><\/td><td class=\"has-text-align-center\" data-align=\"center\">X<\/td><\/tr><tr><td class=\"has-text-align-center\" data-align=\"center\">Nettoyage des composants \u00e9lectroniques<\/td><td class=\"has-text-align-center\" data-align=\"center\"><\/td><td class=\"has-text-align-center\" data-align=\"center\"><\/td><td class=\"has-text-align-center\" data-align=\"center\">X<\/td><\/tr><\/tbody><\/table><\/figure>\n","protected":false},"excerpt":{"rendered":"<p>Service Forfait 1 Forfait 2 Forfait 3 D\u00e9montage des capots X X X Nettoyage de la machine X X X Limage et polissage de la plaque \u00e0 aiguilles X X X R\u00e9glages \u00e9ventuels X X X Changement de lampe X X X V\u00e9rification de la p\u00e9dale (retrait de condensateur si besoin) X X X Nettoyage [&hellip;]<\/p>\n","protected":false},"author":1,"featured_media":0,"parent":0,"menu_order":4,"comment_status":"closed","ping_status":"closed","template":"","meta":{"footnotes":""},"class_list":["post-11","page","type-page","status-publish","hentry"],"_links":{"self":[{"href":"https:\/\/sewingphil.com\/index.php\/wp-json\/wp\/v2\/pages\/11","targetHints":{"allow":["GET"]}}],"collection":[{"href":"https:\/\/sewingphil.com\/index.php\/wp-json\/wp\/v2\/pages"}],"about":[{"href":"https:\/\/sewingphil.com\/index.php\/wp-json\/wp\/v2\/types\/page"}],"author":[{"embeddable":true,"href":"https:\/\/sewingphil.com\/index.php\/wp-json\/wp\/v2\/users\/1"}],"replies":[{"embeddable":true,"href":"https:\/\/sewingphil.com\/index.php\/wp-json\/wp\/v2\/comments?post=11"}],"version-history":[{"count":3,"href":"https:\/\/sewingphil.com\/index.php\/wp-json\/wp\/v2\/pages\/11\/revisions"}],"predecessor-version":[{"id":31,"href":"https:\/\/sewingphil.com\/index.php\/wp-json\/wp\/v2\/pages\/11\/revisions\/31"}],"wp:attachment":[{"href":"https:\/\/sewingphil.com\/index.php\/wp-json\/wp\/v2\/media?parent=11"}],"curies":[{"name":"wp","href":"https:\/\/api.w.org\/{rel}","templated":true}]}}