{"id":42,"date":"2025-07-14T15:17:36","date_gmt":"2025-07-14T15:17:36","guid":{"rendered":"http:\/\/sewingl.cluster100.hosting.ovh.net\/?page_id=42"},"modified":"2025-07-14T18:02:06","modified_gmt":"2025-07-14T16:02:06","slug":"qui-je-suis","status":"publish","type":"page","link":"https:\/\/sewingphil.com\/index.php\/qui-je-suis\/","title":{"rendered":"Qui je suis"},"content":{"rendered":"\n<figure class=\"wp-block-image size-full\"><img loading=\"lazy\" decoding=\"async\" width=\"699\" height=\"703\" src=\"http:\/\/sewingl.cluster100.hosting.ovh.net\/wp-content\/uploads\/2025\/07\/SEWINGPHIL-LOGO.png\" alt=\"\" class=\"wp-image-22\" srcset=\"https:\/\/sewingphil.com\/wp-content\/uploads\/2025\/07\/SEWINGPHIL-LOGO.png 699w, https:\/\/sewingphil.com\/wp-content\/uploads\/2025\/07\/SEWINGPHIL-LOGO-298x300.png 298w, https:\/\/sewingphil.com\/wp-content\/uploads\/2025\/07\/SEWINGPHIL-LOGO-150x150.png 150w\" sizes=\"auto, (max-width: 699px) 100vw, 699px\" \/><\/figure>\n\n\n\n<p>Je m&rsquo;appelle Philippe Neyrat, et je collectionne, r\u00e9pare et restaure des machines \u00e0 coudre depuis 2020 environ. J&rsquo;ai aujourd&rsquo;hui une petite collection d&rsquo;une vingtaine de machines \u00e0 coudre anciennes.<\/p>\n\n\n\n<p>Tout a commenc\u00e9 avec la rencontre de mon mentor, Monsieur Michel D., qui assurait la maintenance de machines \u00e0 coudre dans un lyc\u00e9e d\u00e9di\u00e9 aux m\u00e9tiers de la couture. Arriv\u00e9 \u00e0 la retraite, il r\u00e9parait des machines \u00e0 coudre pour ses amis et sa famille.<\/p>\n\n\n\n<p>Lors de notre rencontre, il se d\u00e9solait que plus personne n&rsquo;exer\u00e7ait ce m\u00e9tier dans son secteur, et ne trouvait personne pour prendre la rel\u00e8ve. Comme j&rsquo;avais d\u00e9j\u00e0 quelques machines dans ma collection, nous avons \u00e9chang\u00e9 autour de cette activit\u00e9, et j&rsquo;ai commenc\u00e9, gr\u00e2ce \u00e0 son enseignement, et en observant sa fa\u00e7on de faire, \u00e0 r\u00e9parer des machines pour mes amis et ma famille, puis pour des gens que le bouche \u00e0 oreille conduisaient vers moi. Je ne demandais rien en \u00e9change \u00e0 l&rsquo;\u00e9poque, car j&rsquo;avais un travail par ailleurs, et je me contentais de faire revivre de vieilles machines et de redonner le sourire \u00e0 des personnes qui me disaient souvent \u00ab&nbsp;C&rsquo;est la machine de ma grand-m\u00e8re, elle est dans la famille depuis tant de temps&nbsp;! \u00c7a fait tellement plaisir de la voir s&rsquo;animer \u00e0 nouveau&nbsp;!&nbsp;\u00bb<\/p>\n\n\n\n<p>En 2024, apr\u00e8s un reclassement suite \u00e0 un accident du travail de 2021 dans l&rsquo;usine o\u00f9 je travaillais, mon employeur me licencie pour inaptitude au poste. C&rsquo;est \u00e0 ce moment que je me dis que peut-\u00eatre ce serait une bonne id\u00e9e de proposer mes services sous la forme de Ch\u00e8ques Emploi Services, histoire de rester salari\u00e9. Mais les professionnels du secteur que j&rsquo;ai rencontr\u00e9s sur les r\u00e9seaux sociaux me font bien sentir que je leur opposerais une concurrence d\u00e9loyale.<\/p>\n\n\n\n<p>C&rsquo;est donc \u00e0 soixante ans, en avril 2025, que je d\u00e9cide de cr\u00e9er ma micro-entreprise, \u00ab&nbsp;Sewingphil&nbsp;\u00bb, r\u00e9parateur de machines \u00e0 coudre \u00e0 domicile, en sud Gironde.<\/p>\n\n\n\n<p>Juste avant la cr\u00e9ation, et suite \u00e0 la rencontre avec Jean Claude Valz sur Facebook (<a href=\"https:\/\/www.facebook.com\/share\/16FBKPUJiE\/\">Jean Claude R\u00e9parateur MC<\/a>), je participe au stage d&rsquo;une semaine qu&rsquo;il organise dans les Landes, en mars 2025, sur la r\u00e9paration de machines \u00e0 coudre. Cette semaine de travail est tr\u00e8s instructive, tr\u00e8s dense, et notre groupe de six personnes est tr\u00e8s dynamique. J&rsquo;y trouve des m\u00e9thodes et des astuces qui me serviront dans ma nouvelle activit\u00e9.<\/p>\n\n\n\n<p>Il faut quand m\u00eame pr\u00e9ciser qu&rsquo;\u00e9trangement, ce m\u00e9tier de r\u00e9parateur de machines \u00e0 coudre n&rsquo;existe pas officiellement, et aucune formation qualifiante n&rsquo;est d\u00e9livr\u00e9e nulle part, sauf chez quelques constructeurs qui proposent des formations si vous achetez une de leur machine. On trouve toutefois des formations sur des machines industrielles, parfois. On apprend donc sur le tas, et les amis sur les r\u00e9seaux nous apportent une aide pr\u00e9cieuse. C&rsquo;est mon exp\u00e9rience de cinq ann\u00e9es de pratique que je mets au service de mes clients.<\/p>\n\n\n\n<p>Je pr\u00e9cise enfin que je ne vends pas de machine, sauf \u00e0 titre priv\u00e9, et que je privil\u00e9gierai toujours la r\u00e9paration au remplacement, m\u00eame si parfois, le temps pass\u00e9 \u00e0 tenter une r\u00e9paration peut \u00eatre r\u00e9dhibitoire.<\/p>\n\n\n\n<p>Et comme je sais ce que c&rsquo;est que la pr\u00e9carit\u00e9, j&rsquo;ai d\u00e9cid\u00e9 d&rsquo;accorder des tarifs pr\u00e9f\u00e9rentiels aux personnes qui n&rsquo;ont que peu de moyens et pour qui la couture repr\u00e9sente une activit\u00e9 qui leur importe, soit parce que c&rsquo;est une source de plaisir personnel, soit parce que c&rsquo;est une activit\u00e9 r\u00e9mun\u00e9ratrice indispensable.<\/p>\n\n\n\n<p>Je couds aussi depuis 2023 au sein d&rsquo;une association, dans un petit village, et j&rsquo;adore \u00e7a. J&rsquo;ai \u00e9videmment commenc\u00e9 par des lingettes d\u00e9maquillantes et de petits sacs (dans le cadre d&rsquo;<em>Octobre Rose<\/em>), des ourlets de rideaux, des simples reprisages, la confection de tabliers pour les enfants de l&rsquo;\u00e9cole voisine, puis je me suis enhardi \u00e0 la r\u00e9alisation d&rsquo;un tablier de travail, \u00e0 des modifications d&rsquo;un pantalon de travail, et enfin d&rsquo;une besace un peu plus complexe, dont ma compagne, jalouse, a exig\u00e9 une r\u00e9\u00e9dition avec des tissus qu&rsquo;elle a choisis. On est peu de chose, face \u00e0 une femme d\u00e9termin\u00e9e&#8230;<\/p>\n\n\n\n<p>On peut trouver mes publications sur mes pages pro&nbsp;: <a href=\"https:\/\/www.instagram.com\/sewingphil_entreprise\/\">Instagram<\/a> et <a href=\"https:\/\/www.facebook.com\/sewingphil-entreprise\/\">Facebook<\/a>, et mes r\u00e9alisations en couture sur mes pages perso&nbsp;: <a href=\"https:\/\/www.instagram.com\/sewingphil\/\">Instagram<\/a> et <a href=\"https:\/\/www.facebook.com\/sewingphil\/\">Facebook<\/a><\/p>\n","protected":false},"excerpt":{"rendered":"<p>Je m&rsquo;appelle Philippe Neyrat, et je collectionne, r\u00e9pare et restaure des machines \u00e0 coudre depuis 2020 environ. J&rsquo;ai aujourd&rsquo;hui une petite collection d&rsquo;une vingtaine de machines \u00e0 coudre anciennes. Tout a commenc\u00e9 avec la rencontre de mon mentor, Monsieur Michel D., qui assurait la maintenance de machines \u00e0 coudre dans un lyc\u00e9e d\u00e9di\u00e9 aux m\u00e9tiers [&hellip;]<\/p>\n","protected":false},"author":1,"featured_media":0,"parent":0,"menu_order":6,"comment_status":"closed","ping_status":"closed","template":"","meta":{"footnotes":""},"class_list":["post-42","page","type-page","status-publish","hentry"],"_links":{"self":[{"href":"https:\/\/sewingphil.com\/index.php\/wp-json\/wp\/v2\/pages\/42","targetHints":{"allow":["GET"]}}],"collection":[{"href":"https:\/\/sewingphil.com\/index.php\/wp-json\/wp\/v2\/pages"}],"about":[{"href":"https:\/\/sewingphil.com\/index.php\/wp-json\/wp\/v2\/types\/page"}],"author":[{"embeddable":true,"href":"https:\/\/sewingphil.com\/index.php\/wp-json\/wp\/v2\/users\/1"}],"replies":[{"embeddable":true,"href":"https:\/\/sewingphil.com\/index.php\/wp-json\/wp\/v2\/comments?post=42"}],"version-history":[{"count":3,"href":"https:\/\/sewingphil.com\/index.php\/wp-json\/wp\/v2\/pages\/42\/revisions"}],"predecessor-version":[{"id":50,"href":"https:\/\/sewingphil.com\/index.php\/wp-json\/wp\/v2\/pages\/42\/revisions\/50"}],"wp:attachment":[{"href":"https:\/\/sewingphil.com\/index.php\/wp-json\/wp\/v2\/media?parent=42"}],"curies":[{"name":"wp","href":"https:\/\/api.w.org\/{rel}","templated":true}]}}