{"id":7,"date":"2025-07-14T12:37:07","date_gmt":"2025-07-14T12:37:07","guid":{"rendered":"http:\/\/sewingl.cluster100.hosting.ovh.net\/?page_id=7"},"modified":"2025-07-15T19:32:30","modified_gmt":"2025-07-15T17:32:30","slug":"accueil","status":"publish","type":"page","link":"https:\/\/sewingphil.com\/","title":{"rendered":"Bienvenue !"},"content":{"rendered":"\n<figure class=\"wp-block-image size-full\"><img loading=\"lazy\" decoding=\"async\" width=\"699\" height=\"703\" src=\"http:\/\/sewingl.cluster100.hosting.ovh.net\/wp-content\/uploads\/2025\/07\/SEWINGPHIL-LOGO.png\" alt=\"\" class=\"wp-image-22\" srcset=\"https:\/\/sewingphil.com\/wp-content\/uploads\/2025\/07\/SEWINGPHIL-LOGO.png 699w, https:\/\/sewingphil.com\/wp-content\/uploads\/2025\/07\/SEWINGPHIL-LOGO-298x300.png 298w, https:\/\/sewingphil.com\/wp-content\/uploads\/2025\/07\/SEWINGPHIL-LOGO-150x150.png 150w\" sizes=\"auto, (max-width: 699px) 100vw, 699px\" \/><\/figure>\n\n\n\n<p class=\"has-text-align-center has-large-font-size\"><strong>R\u00e9parer,<\/strong><\/p>\n\n\n\n<p class=\"has-text-align-center has-large-font-size\"><strong>plut\u00f4t qu&rsquo;acheter du neuf,<\/strong><\/p>\n\n\n\n<p class=\"has-text-align-center has-large-font-size\"><strong>c&rsquo;est moins cher,<\/strong><\/p>\n\n\n\n<p class=\"has-text-align-center has-large-font-size\"><strong>c&rsquo;est durable,<\/strong><\/p>\n\n\n\n<p class=\"has-text-align-center has-large-font-size\"><strong>et c&rsquo;est bon pour la plan\u00e8te&nbsp;!<\/strong><\/p>\n\n\n\n<p class=\"has-text-align-center has-x-large-font-size\">Sewingphil<\/p>\n\n\n\n<p class=\"has-text-align-center has-x-large-font-size\">Philippe Neyrat (EI)<\/p>\n\n\n\n<p class=\"has-text-align-center has-large-font-size\">Entretien,<\/p>\n\n\n\n<p class=\"has-text-align-center has-large-font-size\">r\u00e9paration et restauration<\/p>\n\n\n\n<p class=\"has-text-align-center has-large-font-size\">de machines \u00e0 coudre<\/p>\n\n\n\n<p class=\"has-text-align-center has-large-font-size\">\u00e0 domicile.<\/p>\n\n\n\n<p class=\"has-large-font-size\">Uniquement sur rendez-vous&nbsp;: 07 68 56 58 41<\/p>\n\n\n\n<p>Secteurs&nbsp;: Bordeaux\/Libourne\/Marmande\/Langon.<\/p>\n\n\n\n<p>Pour des d\u00e9placements plus lointains, merci de me contacter.<\/p>\n\n\n\n<p>(Je ne vends pas de machines, donc je ne vous dirai jamais que votre machine est \u00e0 jeter pour vous en proposer une, comme \u00e7a se fait beaucoup&#8230; Pensez-y!)<\/p>\n\n\n\n<p><\/p>\n\n\n\n<p class=\"has-text-align-center has-x-large-font-size\"><strong>Je suis r\u00e9parateur&nbsp;!<\/strong><\/p>\n\n\n\n<p><\/p>\n","protected":false},"excerpt":{"rendered":"<p>R\u00e9parer, plut\u00f4t qu&rsquo;acheter du neuf, c&rsquo;est moins cher, c&rsquo;est durable, et c&rsquo;est bon pour la plan\u00e8te&nbsp;! Sewingphil Philippe Neyrat (EI) Entretien, r\u00e9paration et restauration de machines \u00e0 coudre \u00e0 domicile. Uniquement sur rendez-vous&nbsp;: 07 68 56 58 41 Secteurs&nbsp;: Bordeaux\/Libourne\/Marmande\/Langon. Pour des d\u00e9placements plus lointains, merci de me contacter. (Je ne vends pas de machines, [&hellip;]<\/p>\n","protected":false},"author":1,"featured_media":0,"parent":0,"menu_order":0,"comment_status":"closed","ping_status":"closed","template":"","meta":{"footnotes":""},"class_list":["post-7","page","type-page","status-publish","hentry"],"_links":{"self":[{"href":"https:\/\/sewingphil.com\/index.php\/wp-json\/wp\/v2\/pages\/7","targetHints":{"allow":["GET"]}}],"collection":[{"href":"https:\/\/sewingphil.com\/index.php\/wp-json\/wp\/v2\/pages"}],"about":[{"href":"https:\/\/sewingphil.com\/index.php\/wp-json\/wp\/v2\/types\/page"}],"author":[{"embeddable":true,"href":"https:\/\/sewingphil.com\/index.php\/wp-json\/wp\/v2\/users\/1"}],"replies":[{"embeddable":true,"href":"https:\/\/sewingphil.com\/index.php\/wp-json\/wp\/v2\/comments?post=7"}],"version-history":[{"count":5,"href":"https:\/\/sewingphil.com\/index.php\/wp-json\/wp\/v2\/pages\/7\/revisions"}],"predecessor-version":[{"id":81,"href":"https:\/\/sewingphil.com\/index.php\/wp-json\/wp\/v2\/pages\/7\/revisions\/81"}],"wp:attachment":[{"href":"https:\/\/sewingphil.com\/index.php\/wp-json\/wp\/v2\/media?parent=7"}],"curies":[{"name":"wp","href":"https:\/\/api.w.org\/{rel}","templated":true}]}}